{"id":60,"date":"2018-01-30T20:48:53","date_gmt":"2018-01-30T19:48:53","guid":{"rendered":"http:\/\/emacbois.com\/?page_id=60"},"modified":"2021-01-14T13:55:27","modified_gmt":"2021-01-14T12:55:27","slug":"accueil","status":"publish","type":"page","link":"https:\/\/emacbois.com\/","title":{"rendered":"Accueil"},"content":{"rendered":"<p>EMAC BOIS est une entreprise d\u2019<a href=\"https:\/\/goo.gl\/maps\/qGBQrrfmhq12\">USTARITZ <\/a>au Pays Basque cr\u00e9\u00e9e en 2005 par Bruno BRESAC apr\u00e8s avoir termin\u00e9 son tour de France au sein de la <a href=\"http:\/\/compagnonsdutourdefrance.org\/\" target=\"_blank\" rel=\"noopener noreferrer\">f\u00e9d\u00e9ration compagnonnique des m\u00e9tiers du b\u00e2timent<\/a>.<\/p>\n<p>Nous r\u00e9alisons tous types de travaux bois dans le neuf et la r\u00e9novation.<\/p>\n<p>La fabrication sur mesure est r\u00e9alis\u00e9e dans notre atelier et la pose est assur\u00e9e par notre \u00e9quipe.<\/p>\n<p>Nous r\u00e9alisons des projets d\u2019apr\u00e8s les conceptions \u00e9tablies par des architectes ou designers ou d\u2019apr\u00e8s une conception \u00e9tablie avec le client sur rendez vous.<\/p>\n<p>Nous travaillons en autre le bois et tous ses d\u00e9riv\u00e9s avec des finitions vernies ou laqu\u00e9es.<\/p>\n<p>Notre exp\u00e9rience, depuis 2005, vous garantira un travail artisanal de qualit\u00e9 et soign\u00e9.<\/p>\n","protected":false},"excerpt":{"rendered":"<p>EMAC BOIS est une entreprise d\u2019USTARITZ au Pays Basque cr\u00e9\u00e9e en 2005 par Bruno BRESAC apr\u00e8s avoir termin\u00e9 son tour de France au sein de la f\u00e9d\u00e9ration compagnonnique des m\u00e9tiers du b\u00e2timent. Nous r\u00e9alisons tous types de travaux bois dans le neuf et la r\u00e9novation. La fabrication sur mesure est r\u00e9alis\u00e9e dans notre atelier et [&hellip;]<\/p>\n","protected":false},"author":1,"featured_media":0,"parent":0,"menu_order":0,"comment_status":"closed","ping_status":"closed","template":"","meta":[],"_links":{"self":[{"href":"https:\/\/emacbois.com\/index.php\/wp-json\/wp\/v2\/pages\/60"}],"collection":[{"href":"https:\/\/emacbois.com\/index.php\/wp-json\/wp\/v2\/pages"}],"about":[{"href":"https:\/\/emacbois.com\/index.php\/wp-json\/wp\/v2\/types\/page"}],"author":[{"embeddable":true,"href":"https:\/\/emacbois.com\/index.php\/wp-json\/wp\/v2\/users\/1"}],"replies":[{"embeddable":true,"href":"https:\/\/emacbois.com\/index.php\/wp-json\/wp\/v2\/comments?post=60"}],"version-history":[{"count":11,"href":"https:\/\/emacbois.com\/index.php\/wp-json\/wp\/v2\/pages\/60\/revisions"}],"predecessor-version":[{"id":1752,"href":"https:\/\/emacbois.com\/index.php\/wp-json\/wp\/v2\/pages\/60\/revisions\/1752"}],"wp:attachment":[{"href":"https:\/\/emacbois.com\/index.php\/wp-json\/wp\/v2\/media?parent=60"}],"curies":[{"name":"wp","href":"https:\/\/api.w.org\/{rel}","templated":true}]}}