{"id":1568,"date":"2018-11-24T16:53:54","date_gmt":"2018-11-24T15:53:54","guid":{"rendered":"http:\/\/emacbois.com\/?page_id=1568"},"modified":"2018-11-24T17:12:29","modified_gmt":"2018-11-24T16:12:29","slug":"agencement-interieur","status":"publish","type":"page","link":"https:\/\/emacbois.com\/index.php\/agencement\/agencement-interieur\/","title":{"rendered":"Agencement int\u00e9rieur"},"content":{"rendered":"<p>Nous r\u00e9alisons la conception (cuisine \u00e9quip\u00e9e sur-mesure, placard, biblioth\u00e8que, armoire\u2026) et l\u2019am\u00e9nagement de vos espaces de vie int\u00e9rieur.<\/p>\n<div>\n<div><\/div>\n<\/div>\n","protected":false},"excerpt":{"rendered":"<p>Nous r\u00e9alisons la conception (cuisine \u00e9quip\u00e9e sur-mesure, placard, biblioth\u00e8que, armoire\u2026) et l\u2019am\u00e9nagement de vos espaces de vie int\u00e9rieur.<\/p>\n","protected":false},"author":1,"featured_media":0,"parent":1562,"menu_order":0,"comment_status":"closed","ping_status":"closed","template":"","meta":[],"_links":{"self":[{"href":"https:\/\/emacbois.com\/index.php\/wp-json\/wp\/v2\/pages\/1568"}],"collection":[{"href":"https:\/\/emacbois.com\/index.php\/wp-json\/wp\/v2\/pages"}],"about":[{"href":"https:\/\/emacbois.com\/index.php\/wp-json\/wp\/v2\/types\/page"}],"author":[{"embeddable":true,"href":"https:\/\/emacbois.com\/index.php\/wp-json\/wp\/v2\/users\/1"}],"replies":[{"embeddable":true,"href":"https:\/\/emacbois.com\/index.php\/wp-json\/wp\/v2\/comments?post=1568"}],"version-history":[{"count":4,"href":"https:\/\/emacbois.com\/index.php\/wp-json\/wp\/v2\/pages\/1568\/revisions"}],"predecessor-version":[{"id":1575,"href":"https:\/\/emacbois.com\/index.php\/wp-json\/wp\/v2\/pages\/1568\/revisions\/1575"}],"up":[{"embeddable":true,"href":"https:\/\/emacbois.com\/index.php\/wp-json\/wp\/v2\/pages\/1562"}],"wp:attachment":[{"href":"https:\/\/emacbois.com\/index.php\/wp-json\/wp\/v2\/media?parent=1568"}],"curies":[{"name":"wp","href":"https:\/\/api.w.org\/{rel}","templated":true}]}}