{"id":1564,"date":"2018-11-24T16:52:28","date_gmt":"2018-11-24T15:52:28","guid":{"rendered":"http:\/\/emacbois.com\/?page_id=1564"},"modified":"2018-11-24T17:02:11","modified_gmt":"2018-11-24T16:02:11","slug":"cuisine","status":"publish","type":"page","link":"https:\/\/emacbois.com\/index.php\/agencement\/cuisine\/","title":{"rendered":"Cuisine"},"content":{"rendered":"<div>Nous concevons et fabriquons des cuisines alliant qualit\u00e9 et cr\u00e9ativit\u00e9 artisanale. Chaque projet est personnalisable et un logiciel 3D permet de pr\u00e9visualiser votre cuisine. Venez avec vos id\u00e9es et concevons ensemble la cuisine qui vous convient.<\/div>\n<div><\/div>\n<p>&nbsp;<\/p>\n<p>&nbsp;<\/p>\n","protected":false},"excerpt":{"rendered":"<p>Nous concevons et fabriquons des cuisines alliant qualit\u00e9 et cr\u00e9ativit\u00e9 artisanale. Chaque projet est personnalisable et un logiciel 3D permet de pr\u00e9visualiser votre cuisine. Venez avec vos id\u00e9es et concevons ensemble la cuisine qui vous convient. &nbsp; &nbsp;<\/p>\n","protected":false},"author":1,"featured_media":0,"parent":1562,"menu_order":0,"comment_status":"closed","ping_status":"closed","template":"","meta":[],"_links":{"self":[{"href":"https:\/\/emacbois.com\/index.php\/wp-json\/wp\/v2\/pages\/1564"}],"collection":[{"href":"https:\/\/emacbois.com\/index.php\/wp-json\/wp\/v2\/pages"}],"about":[{"href":"https:\/\/emacbois.com\/index.php\/wp-json\/wp\/v2\/types\/page"}],"author":[{"embeddable":true,"href":"https:\/\/emacbois.com\/index.php\/wp-json\/wp\/v2\/users\/1"}],"replies":[{"embeddable":true,"href":"https:\/\/emacbois.com\/index.php\/wp-json\/wp\/v2\/comments?post=1564"}],"version-history":[{"count":4,"href":"https:\/\/emacbois.com\/index.php\/wp-json\/wp\/v2\/pages\/1564\/revisions"}],"predecessor-version":[{"id":1572,"href":"https:\/\/emacbois.com\/index.php\/wp-json\/wp\/v2\/pages\/1564\/revisions\/1572"}],"up":[{"embeddable":true,"href":"https:\/\/emacbois.com\/index.php\/wp-json\/wp\/v2\/pages\/1562"}],"wp:attachment":[{"href":"https:\/\/emacbois.com\/index.php\/wp-json\/wp\/v2\/media?parent=1564"}],"curies":[{"name":"wp","href":"https:\/\/api.w.org\/{rel}","templated":true}]}}