{"id":1559,"date":"2018-11-24T16:48:09","date_gmt":"2018-11-24T15:48:09","guid":{"rendered":"http:\/\/emacbois.com\/?page_id=1559"},"modified":"2018-11-28T20:57:20","modified_gmt":"2018-11-28T19:57:20","slug":"zinguerie","status":"publish","type":"page","link":"https:\/\/emacbois.com\/index.php\/charpente-14\/zinguerie\/","title":{"rendered":"Zinguerie"},"content":{"rendered":"<p>Pour <strong>l&rsquo;\u00e9tanch\u00e9it\u00e9<\/strong> de votre toiture, de vos <strong>conduits de chemin\u00e9es<\/strong> ou de vos <strong>d\u00e9bords de toits<\/strong>, nous posons vos \u00e9l\u00e9ments de <strong>zinguerie<\/strong>. De plus, nous posons vos <strong>goutti\u00e8res<\/strong> et <strong>ch\u00e9neaux<\/strong>.<\/p>\n<p>De m\u00eame, notre exp\u00e9rience de r\u00e9novation dans le Bayonne Ancien nous permet de r\u00e9aliser des ch\u00e9neaux Bayonnais.<\/p>\n<div><\/div>\n<p>&nbsp;<\/p>\n","protected":false},"excerpt":{"rendered":"<p>Pour l&rsquo;\u00e9tanch\u00e9it\u00e9 de votre toiture, de vos conduits de chemin\u00e9es ou de vos d\u00e9bords de toits, nous posons vos \u00e9l\u00e9ments de zinguerie. De plus, nous posons vos goutti\u00e8res et ch\u00e9neaux. De m\u00eame, notre exp\u00e9rience de r\u00e9novation dans le Bayonne Ancien nous permet de r\u00e9aliser des ch\u00e9neaux Bayonnais. &nbsp;<\/p>\n","protected":false},"author":1,"featured_media":0,"parent":1661,"menu_order":0,"comment_status":"closed","ping_status":"closed","template":"","meta":[],"_links":{"self":[{"href":"https:\/\/emacbois.com\/index.php\/wp-json\/wp\/v2\/pages\/1559"}],"collection":[{"href":"https:\/\/emacbois.com\/index.php\/wp-json\/wp\/v2\/pages"}],"about":[{"href":"https:\/\/emacbois.com\/index.php\/wp-json\/wp\/v2\/types\/page"}],"author":[{"embeddable":true,"href":"https:\/\/emacbois.com\/index.php\/wp-json\/wp\/v2\/users\/1"}],"replies":[{"embeddable":true,"href":"https:\/\/emacbois.com\/index.php\/wp-json\/wp\/v2\/comments?post=1559"}],"version-history":[{"count":5,"href":"https:\/\/emacbois.com\/index.php\/wp-json\/wp\/v2\/pages\/1559\/revisions"}],"predecessor-version":[{"id":1648,"href":"https:\/\/emacbois.com\/index.php\/wp-json\/wp\/v2\/pages\/1559\/revisions\/1648"}],"up":[{"embeddable":true,"href":"https:\/\/emacbois.com\/index.php\/wp-json\/wp\/v2\/pages\/1661"}],"wp:attachment":[{"href":"https:\/\/emacbois.com\/index.php\/wp-json\/wp\/v2\/media?parent=1559"}],"curies":[{"name":"wp","href":"https:\/\/api.w.org\/{rel}","templated":true}]}}