{"id":1550,"date":"2018-11-24T16:05:57","date_gmt":"2018-11-24T15:05:57","guid":{"rendered":"http:\/\/emacbois.com\/?page_id=1550"},"modified":"2018-11-28T20:56:38","modified_gmt":"2018-11-28T19:56:38","slug":"couverture-isolation","status":"publish","type":"page","link":"https:\/\/emacbois.com\/index.php\/charpente-14\/couverture-isolation\/","title":{"rendered":"Couverture &#8211; Isolation"},"content":{"rendered":"<p>Souhaitant vous apporter un v\u00e9ritable service sur mesure et de qualit\u00e9, nous \u00e9laborons \u00e0 vos c\u00f4t\u00e9s tous vos projets de r\u00e9fection de toitures (remplacement de tuiles en terre, recherche de fuites\u2026) et pose de fen\u00eatres de toit.<\/p>\n<p>La plus grosse perte \u00e9nerg\u00e9tique se fait par le toit d\u2019une maison. Avec une bonne isolation en toiture, vous devriez baisser convenablement votre facture de chauffage.<\/p>\n<p>Disposant de la qualification <strong>RGE QUALIBAT<\/strong>, vous pouvez b\u00e9n\u00e9ficier de r\u00e9duction\u00a0d\u2019imp\u00f4ts selon la loi de finances en vigueur pour les travaux relatifs \u00e0 l\u2019<strong>isolation thermique sous les toits <\/strong>(selon conditions d\u2019\u00e9ligibilit\u00e9).<\/p>\n<div><\/div>\n","protected":false},"excerpt":{"rendered":"<p>Souhaitant vous apporter un v\u00e9ritable service sur mesure et de qualit\u00e9, nous \u00e9laborons \u00e0 vos c\u00f4t\u00e9s tous vos projets de r\u00e9fection de toitures (remplacement de tuiles en terre, recherche de fuites\u2026) et pose de fen\u00eatres de toit. La plus grosse perte \u00e9nerg\u00e9tique se fait par le toit d\u2019une maison. Avec une bonne isolation en toiture, [&hellip;]<\/p>\n","protected":false},"author":1,"featured_media":0,"parent":1661,"menu_order":0,"comment_status":"closed","ping_status":"closed","template":"","meta":[],"_links":{"self":[{"href":"https:\/\/emacbois.com\/index.php\/wp-json\/wp\/v2\/pages\/1550"}],"collection":[{"href":"https:\/\/emacbois.com\/index.php\/wp-json\/wp\/v2\/pages"}],"about":[{"href":"https:\/\/emacbois.com\/index.php\/wp-json\/wp\/v2\/types\/page"}],"author":[{"embeddable":true,"href":"https:\/\/emacbois.com\/index.php\/wp-json\/wp\/v2\/users\/1"}],"replies":[{"embeddable":true,"href":"https:\/\/emacbois.com\/index.php\/wp-json\/wp\/v2\/comments?post=1550"}],"version-history":[{"count":5,"href":"https:\/\/emacbois.com\/index.php\/wp-json\/wp\/v2\/pages\/1550\/revisions"}],"predecessor-version":[{"id":1652,"href":"https:\/\/emacbois.com\/index.php\/wp-json\/wp\/v2\/pages\/1550\/revisions\/1652"}],"up":[{"embeddable":true,"href":"https:\/\/emacbois.com\/index.php\/wp-json\/wp\/v2\/pages\/1661"}],"wp:attachment":[{"href":"https:\/\/emacbois.com\/index.php\/wp-json\/wp\/v2\/media?parent=1550"}],"curies":[{"name":"wp","href":"https:\/\/api.w.org\/{rel}","templated":true}]}}