{"id":1546,"date":"2018-11-24T15:56:14","date_gmt":"2018-11-24T14:56:14","guid":{"rendered":"http:\/\/emacbois.com\/?page_id=1546"},"modified":"2018-11-28T20:56:11","modified_gmt":"2018-11-28T19:56:11","slug":"charpente","status":"publish","type":"page","link":"https:\/\/emacbois.com\/index.php\/charpente-14\/charpente\/","title":{"rendered":"Charpente Traditionnelle"},"content":{"rendered":"<div>\n<div class=\"bloc40\">\n<p>Une <strong>belle charpente<\/strong> donne de l&rsquo;allure \u00e0 votre r\u00e9sidence ancienne ou contemporaine, neuve ou restaur\u00e9e \u00e0 l&rsquo;identique, <strong>fabriqu\u00e9e et pos\u00e9e par nos soins<\/strong>. C&rsquo;est dans un esprit de pure tradition et de qualit\u00e9 que nous mettons notre savoir-faire \u00e0 votre service.<\/p>\n<div><\/div>\n<\/div>\n<\/div>\n","protected":false},"excerpt":{"rendered":"<p>Une belle charpente donne de l&rsquo;allure \u00e0 votre r\u00e9sidence ancienne ou contemporaine, neuve ou restaur\u00e9e \u00e0 l&rsquo;identique, fabriqu\u00e9e et pos\u00e9e par nos soins. C&rsquo;est dans un esprit de pure tradition et de qualit\u00e9 que nous mettons notre savoir-faire \u00e0 votre service.<\/p>\n","protected":false},"author":1,"featured_media":0,"parent":1661,"menu_order":0,"comment_status":"closed","ping_status":"closed","template":"","meta":[],"_links":{"self":[{"href":"https:\/\/emacbois.com\/index.php\/wp-json\/wp\/v2\/pages\/1546"}],"collection":[{"href":"https:\/\/emacbois.com\/index.php\/wp-json\/wp\/v2\/pages"}],"about":[{"href":"https:\/\/emacbois.com\/index.php\/wp-json\/wp\/v2\/types\/page"}],"author":[{"embeddable":true,"href":"https:\/\/emacbois.com\/index.php\/wp-json\/wp\/v2\/users\/1"}],"replies":[{"embeddable":true,"href":"https:\/\/emacbois.com\/index.php\/wp-json\/wp\/v2\/comments?post=1546"}],"version-history":[{"count":5,"href":"https:\/\/emacbois.com\/index.php\/wp-json\/wp\/v2\/pages\/1546\/revisions"}],"predecessor-version":[{"id":1659,"href":"https:\/\/emacbois.com\/index.php\/wp-json\/wp\/v2\/pages\/1546\/revisions\/1659"}],"up":[{"embeddable":true,"href":"https:\/\/emacbois.com\/index.php\/wp-json\/wp\/v2\/pages\/1661"}],"wp:attachment":[{"href":"https:\/\/emacbois.com\/index.php\/wp-json\/wp\/v2\/media?parent=1546"}],"curies":[{"name":"wp","href":"https:\/\/api.w.org\/{rel}","templated":true}]}}