{"id":1535,"date":"2018-11-24T15:29:20","date_gmt":"2018-11-24T14:29:20","guid":{"rendered":"http:\/\/emacbois.com\/?page_id=1535"},"modified":"2018-11-28T21:12:20","modified_gmt":"2018-11-28T20:12:20","slug":"traditionnel","status":"publish","type":"page","link":"https:\/\/emacbois.com\/index.php\/escalier\/traditionnel\/","title":{"rendered":"Traditionnel"},"content":{"rendered":"<h4>La meilleure mani\u00e8re d&rsquo;avoir un escalier en bois en total ad\u00e9quation avec votre habitat est de le fabriquer sur mesure.<\/h4>\n<p>Vous venez avec vos id\u00e9es, et vos envies, nous r\u00e9alisation la conception de votre futur escalier avec diverses finitions.<\/p>\n<div><\/div>\n","protected":false},"excerpt":{"rendered":"<p>La meilleure mani\u00e8re d&rsquo;avoir un escalier en bois en total ad\u00e9quation avec votre habitat est de le fabriquer sur mesure. Vous venez avec vos id\u00e9es, et vos envies, nous r\u00e9alisation la conception de votre futur escalier avec diverses finitions.<\/p>\n","protected":false},"author":1,"featured_media":0,"parent":11,"menu_order":0,"comment_status":"closed","ping_status":"closed","template":"","meta":[],"_links":{"self":[{"href":"https:\/\/emacbois.com\/index.php\/wp-json\/wp\/v2\/pages\/1535"}],"collection":[{"href":"https:\/\/emacbois.com\/index.php\/wp-json\/wp\/v2\/pages"}],"about":[{"href":"https:\/\/emacbois.com\/index.php\/wp-json\/wp\/v2\/types\/page"}],"author":[{"embeddable":true,"href":"https:\/\/emacbois.com\/index.php\/wp-json\/wp\/v2\/users\/1"}],"replies":[{"embeddable":true,"href":"https:\/\/emacbois.com\/index.php\/wp-json\/wp\/v2\/comments?post=1535"}],"version-history":[{"count":6,"href":"https:\/\/emacbois.com\/index.php\/wp-json\/wp\/v2\/pages\/1535\/revisions"}],"predecessor-version":[{"id":1682,"href":"https:\/\/emacbois.com\/index.php\/wp-json\/wp\/v2\/pages\/1535\/revisions\/1682"}],"up":[{"embeddable":true,"href":"https:\/\/emacbois.com\/index.php\/wp-json\/wp\/v2\/pages\/11"}],"wp:attachment":[{"href":"https:\/\/emacbois.com\/index.php\/wp-json\/wp\/v2\/media?parent=1535"}],"curies":[{"name":"wp","href":"https:\/\/api.w.org\/{rel}","templated":true}]}}