{"id":1533,"date":"2018-11-24T15:29:03","date_gmt":"2018-11-24T14:29:03","guid":{"rendered":"http:\/\/emacbois.com\/?page_id=1533"},"modified":"2018-11-28T21:16:37","modified_gmt":"2018-11-28T20:16:37","slug":"design","status":"publish","type":"page","link":"https:\/\/emacbois.com\/index.php\/escalier\/design\/","title":{"rendered":"Design"},"content":{"rendered":"<h4>Escaliers bois design, fabriqu\u00e9s sur mesure pr\u00e8s de chez vous<\/h4>\n<p>Nous concevons diff\u00e9rents <strong>escaliers en bois<\/strong> capables de s\u2019int\u00e9grer et de renforcer l\u2019harmonie de tous types de maison. Chaque projet a ses sp\u00e9cificit\u00e9s, c\u2019est pourquoi nous sommes \u00e0 votre \u00e9coute pour cr\u00e9er l\u2019escalier sur-mesure qui vous correspondra. Nous garantissons une r\u00e9alisation 100 % artisanale de votre escalier en bois avec une finition compl\u00e8te.<\/p>\n<div><\/div>\n","protected":false},"excerpt":{"rendered":"<p>Escaliers bois design, fabriqu\u00e9s sur mesure pr\u00e8s de chez vous Nous concevons diff\u00e9rents escaliers en bois capables de s\u2019int\u00e9grer et de renforcer l\u2019harmonie de tous types de maison. Chaque projet a ses sp\u00e9cificit\u00e9s, c\u2019est pourquoi nous sommes \u00e0 votre \u00e9coute pour cr\u00e9er l\u2019escalier sur-mesure qui vous correspondra. Nous garantissons une r\u00e9alisation 100 % artisanale de [&hellip;]<\/p>\n","protected":false},"author":1,"featured_media":0,"parent":11,"menu_order":0,"comment_status":"closed","ping_status":"closed","template":"","meta":[],"_links":{"self":[{"href":"https:\/\/emacbois.com\/index.php\/wp-json\/wp\/v2\/pages\/1533"}],"collection":[{"href":"https:\/\/emacbois.com\/index.php\/wp-json\/wp\/v2\/pages"}],"about":[{"href":"https:\/\/emacbois.com\/index.php\/wp-json\/wp\/v2\/types\/page"}],"author":[{"embeddable":true,"href":"https:\/\/emacbois.com\/index.php\/wp-json\/wp\/v2\/users\/1"}],"replies":[{"embeddable":true,"href":"https:\/\/emacbois.com\/index.php\/wp-json\/wp\/v2\/comments?post=1533"}],"version-history":[{"count":4,"href":"https:\/\/emacbois.com\/index.php\/wp-json\/wp\/v2\/pages\/1533\/revisions"}],"predecessor-version":[{"id":1544,"href":"https:\/\/emacbois.com\/index.php\/wp-json\/wp\/v2\/pages\/1533\/revisions\/1544"}],"up":[{"embeddable":true,"href":"https:\/\/emacbois.com\/index.php\/wp-json\/wp\/v2\/pages\/11"}],"wp:attachment":[{"href":"https:\/\/emacbois.com\/index.php\/wp-json\/wp\/v2\/media?parent=1533"}],"curies":[{"name":"wp","href":"https:\/\/api.w.org\/{rel}","templated":true}]}}